{"id":814,"date":"2025-04-04T12:31:07","date_gmt":"2025-04-04T12:31:07","guid":{"rendered":"https:\/\/vera.tahakaracam.com\/?page_id=814"},"modified":"2026-02-19T10:19:18","modified_gmt":"2026-02-19T10:19:18","slug":"home","status":"publish","type":"page","link":"https:\/\/vera.tahakaracam.com\/en\/","title":{"rendered":""},"content":{"rendered":"\n<div class=\"gbp-section gb-element-4dd88b55\">\n<div class=\"gbp-section__inner gb-element-647efc50\">\n<div class=\"gb-element-3b388c56\">\n<p class=\"gb-text gbp-section__tagline\"><\/p>\n\n\n\n<h1 class=\"gb-text gbp-section__headline\">AV\u0130CENNA<\/h1>\n\n\n\n<h2 class=\"wp-block-heading\">Attentive Care<\/h2>\n\n\n\n<p class=\"gb-text gbp-section__text\">Advanced Healthcare with Compassion and Precision<\/p>\n\n\n\n<div class=\"gb-element-3df9f02c\">\n<a class=\"gb-text gb-text-25b66947\" href=\"#free-cons\">Get Consutation<\/a>\n<\/div>\n<\/div>\n\n\n\n<img loading=\"lazy\" decoding=\"async\" width=\"700\" height=\"700\" class=\"gb-media-c00684e0\" src=\"https:\/\/vera.tahakaracam.com\/wp-content\/uploads\/2026\/01\/avicenna-hastanesi-ana-gorsel.webp\" title=\"avicenna-hastanesi-ana-gorsel\" alt=\"\" srcset=\"https:\/\/vera.tahakaracam.com\/wp-content\/uploads\/2026\/01\/avicenna-hastanesi-ana-gorsel.webp 700w, https:\/\/vera.tahakaracam.com\/wp-content\/uploads\/2026\/01\/avicenna-hastanesi-ana-gorsel-300x300.webp 300w, https:\/\/vera.tahakaracam.com\/wp-content\/uploads\/2026\/01\/avicenna-hastanesi-ana-gorsel-150x150.webp 150w\" sizes=\"auto, (max-width: 700px) 100vw, 700px\">\n<\/div>\n<\/div>\n\n\n\n<div class=\"gbp-section gb-element-c59ed3ee\">\n<div class=\"gbp-section gb-element-a7649b15\">\n<div class=\"gbp-section__inner gb-element-622bdabe\">\n<div>\n<p class=\"gb-text gbp-section__tagline\"> Avicenna<\/p>\n\n\n\n<h2 class=\"gb-text gbp-section__headline\">At Avicenna Hospital, we combine medical expertise, advanced technology, and patient-centered care to deliver safe and effective treatments across multiple specialties.<\/h2>\n<\/div>\n<\/div>\n<\/div>\n<\/div>\n\n\n\n<div class=\"gb-element-3d9b2a04\">\n<p class=\"gb-text gb-text-34808102\"><strong>SERVICES<\/strong><\/p>\n\n\n\n<h2 class=\"wp-block-heading has-text-align-left\">Where Expertise Meets Reliability<\/h2>\n\n\n\n<div class=\"gb-element-b54861ca\">\n<div class=\"gb-element-ab0f04e2\">\n<p class=\"gb-text gb-text-1d4ea3b3\"><\/p>\n\n\n\n<figure class=\"wp-block-image size-full is-resized\"><img decoding=\"async\" src=\"https:\/\/vera.tahakaracam.com\/wp-content\/uploads\/2025\/09\/interview-svgrepo-com.svg\" alt=\"\" class=\"wp-image-8128\" style=\"width:100px\" title=\"\"><figcaption><\/figcaption><\/figure>\n\n\n\n<h4 class=\"gb-text gb-text-9ada795f\">Free Consultation<\/h4>\n\n\n\n<p class=\"gb-text gb-text-745522de\"><\/p>\n<\/div>\n\n\n\n<div class=\"gb-element-d65b6be7\">\n<p class=\"gb-text gb-text-c8700a04\"><\/p>\n\n\n\n<figure class=\"wp-block-image size-full is-resized is-style-default\"><img decoding=\"async\" src=\"https:\/\/vera.tahakaracam.com\/wp-content\/uploads\/2025\/09\/translator-language-svgrepo-com.svg\" alt=\"\" class=\"wp-image-8073\" style=\"width:100px\" title=\"\"><figcaption><\/figcaption><\/figure>\n\n\n\n<h4 class=\"gb-text gb-text-262f1866\">24\/7 Translator<\/h4>\n\n\n\n<p class=\"gb-text gb-text-55354399\"><\/p>\n<\/div>\n\n\n\n<div class=\"gb-element-7e082f4c\">\n<p class=\"gb-text gb-text-aadf9af9\"><\/p>\n\n\n\n<figure class=\"wp-block-image size-full is-resized\"><img decoding=\"async\" src=\"https:\/\/vera.tahakaracam.com\/wp-content\/uploads\/2025\/09\/car-mini-minibus-svgrepo-com.svg\" alt=\"\" class=\"wp-image-8069\" style=\"object-fit:cover;width:100px;height:100px\" title=\"\"><figcaption><\/figcaption><\/figure>\n\n\n\n<h4 class=\"gb-text gb-text-9e42cb25\">VIP Transfer<\/h4>\n\n\n\n<p class=\"gb-text gb-text-387d0364\"><\/p>\n<\/div>\n\n\n\n<div class=\"gb-element-642c2e8a\">\n<p class=\"gb-text gb-text-76a26dc0\"><\/p>\n\n\n\n<figure class=\"wp-block-image size-full is-resized\"><img decoding=\"async\" src=\"https:\/\/vera.tahakaracam.com\/wp-content\/uploads\/2025\/09\/office-secretary-svgrepo-com.svg\" alt=\"\" class=\"wp-image-8099\" style=\"object-fit:cover;width:100px;height:100px\" title=\"\"><figcaption><\/figcaption><\/figure>\n\n\n\n<h4 class=\"gb-text gb-text-1c4cd0cc\">Personal Assistant<\/h4>\n\n\n\n<p class=\"gb-text gb-text-7e7a7873\"><\/p>\n<\/div>\n\n\n\n<div class=\"gb-element-6bbc2df3\">\n<p class=\"gb-text gb-text-7670bfa4\"><\/p>\n\n\n\n<figure class=\"wp-block-image size-full is-resized\"><img decoding=\"async\" src=\"https:\/\/vera.tahakaracam.com\/wp-content\/uploads\/2025\/09\/hotel-svgrepo-com.svg\" alt=\"\" class=\"wp-image-8124\" style=\"object-fit:cover;width:100px;height:100px\" title=\"\"><figcaption><\/figcaption><\/figure>\n\n\n\n<h4 class=\"gb-text gb-text-bc4ff3f8\">Accommodation<\/h4>\n\n\n\n<p class=\"gb-text gb-text-277c43ce\"><\/p>\n<\/div>\n<\/div>\n<\/div>\n\n\n\n<div class=\"gbp-section gb-element-b7ce95fb\">\n<div class=\"gbp-section gb-element-fce9ded9\">\n<h2 class=\"gb-text gb-text-a0d12cc2\"><strong>MEDICAL UNITS<\/strong><\/h2>\n\n\n\n<p class=\"has-text-align-center has-base-3-color has-text-color has-link-color wp-elements-b9e605ecc4136c94d2c6029f07b380a0\"><strong>We provide comprehensive healthcare services tailored to your needs across a wide range of medical specialties.<\/strong><\/p>\n\n\n\n<div class=\"gbp-section__inner gb-element-2e5e4eed\">\n<a class=\"gb-element-be74a398\" href=\"\/cardiac-surgery\/\">\n<img loading=\"lazy\" decoding=\"async\" width=\"300\" height=\"300\" class=\"gb-media-a9b36f43\" alt=\"\" src=\"https:\/\/vera.tahakaracam.com\/wp-content\/uploads\/2026\/01\/kalp-ve-damar-cerrahisi-avicenna-hastanesi.webp\" title=\"kalp-ve-damar-cerrahisi-avicenna-hastanesi\" srcset=\"https:\/\/vera.tahakaracam.com\/wp-content\/uploads\/2026\/01\/kalp-ve-damar-cerrahisi-avicenna-hastanesi.webp 300w, https:\/\/vera.tahakaracam.com\/wp-content\/uploads\/2026\/01\/kalp-ve-damar-cerrahisi-avicenna-hastanesi-150x150.webp 150w\" sizes=\"auto, (max-width: 300px) 100vw, 300px\">\n\n\n\n<p class=\"gb-text gbp-card__meta-text\"><\/p>\n\n\n\n<h3 class=\"gb-text gbp-card__title gb-text-dd2e29bc\">Cardiac Surgery<\/h3>\n<\/a>\n\n\n\n<a class=\"gb-element-d552352b\" href=\"\/neurosurgery\/\">\n<img loading=\"lazy\" decoding=\"async\" width=\"300\" height=\"300\" class=\"gb-media-3a4c2abb\" alt=\"\" src=\"https:\/\/vera.tahakaracam.com\/wp-content\/uploads\/2026\/01\/beyin-ve-sinir-cerrahisi-3.webp\" title=\"beyin-ve-sinir-cerrahisi-3\" srcset=\"https:\/\/vera.tahakaracam.com\/wp-content\/uploads\/2026\/01\/beyin-ve-sinir-cerrahisi-3.webp 300w, https:\/\/vera.tahakaracam.com\/wp-content\/uploads\/2026\/01\/beyin-ve-sinir-cerrahisi-3-150x150.webp 150w\" sizes=\"auto, (max-width: 300px) 100vw, 300px\">\n\n\n\n<p class=\"gb-text gbp-card__meta-text\"><\/p>\n\n\n\n<h3 class=\"gb-text gbp-card__title gb-text-722ce159\">Neurosurgery<\/h3>\n<\/a>\n\n\n\n<a class=\"gb-element-b0a87042\" href=\"\/gynecology-and-obstetrics\/\">\n<img loading=\"lazy\" decoding=\"async\" width=\"300\" height=\"300\" class=\"gb-media-7f288972\" alt=\"\" src=\"https:\/\/vera.tahakaracam.com\/wp-content\/uploads\/2026\/01\/kadin-hastaliklari-ve-dogum-avicenna-hastanesi.webp\" title=\"kadin-hastaliklari-ve-dogum-avicenna-hastanesi\" srcset=\"https:\/\/vera.tahakaracam.com\/wp-content\/uploads\/2026\/01\/kadin-hastaliklari-ve-dogum-avicenna-hastanesi.webp 300w, https:\/\/vera.tahakaracam.com\/wp-content\/uploads\/2026\/01\/kadin-hastaliklari-ve-dogum-avicenna-hastanesi-150x150.webp 150w\" sizes=\"auto, (max-width: 300px) 100vw, 300px\">\n\n\n\n<p class=\"gb-text gbp-card__meta-text\"><\/p>\n\n\n\n<h3 class=\"gb-text gbp-card__title gb-text-c6253658\">Gynecology and Obstetrics<\/h3>\n<\/a>\n\n\n\n<a class=\"gb-element-b5fcd528\" href=\"\/internal-medicine-internal-diseases\/\">\n<img loading=\"lazy\" decoding=\"async\" width=\"300\" height=\"300\" class=\"gb-media-53f1e707\" alt=\"\" src=\"https:\/\/vera.tahakaracam.com\/wp-content\/uploads\/2026\/01\/enfeksiyon-hastaliklari-avicenna-hastanesi.webp\" title=\"enfeksiyon-hastaliklari-avicenna-hastanesi\" srcset=\"https:\/\/vera.tahakaracam.com\/wp-content\/uploads\/2026\/01\/enfeksiyon-hastaliklari-avicenna-hastanesi.webp 300w, https:\/\/vera.tahakaracam.com\/wp-content\/uploads\/2026\/01\/enfeksiyon-hastaliklari-avicenna-hastanesi-150x150.webp 150w\" sizes=\"auto, (max-width: 300px) 100vw, 300px\">\n\n\n\n<p class=\"gb-text gbp-card__meta-text\"><\/p>\n\n\n\n<h3 class=\"gb-text gbp-card__title gb-text-8d296d29\">Infectious Diseases<\/h3>\n<\/a>\n\n\n\n<a class=\"gb-element-b23ee2ff\" href=\"\/radiology\/\">\n<img loading=\"lazy\" decoding=\"async\" width=\"300\" height=\"300\" class=\"gb-media-d6cf711e\" alt=\"\" src=\"https:\/\/vera.tahakaracam.com\/wp-content\/uploads\/2026\/01\/radyoloji-ve-goruntuleme-avicenna-hastanesi.webp\" title=\"radyoloji-ve-goruntuleme-avicenna-hastanesi\" srcset=\"https:\/\/vera.tahakaracam.com\/wp-content\/uploads\/2026\/01\/radyoloji-ve-goruntuleme-avicenna-hastanesi.webp 300w, https:\/\/vera.tahakaracam.com\/wp-content\/uploads\/2026\/01\/radyoloji-ve-goruntuleme-avicenna-hastanesi-150x150.webp 150w\" sizes=\"auto, (max-width: 300px) 100vw, 300px\">\n\n\n\n<p class=\"gb-text gbp-card__meta-text\"><\/p>\n\n\n\n<h3 class=\"gb-text gbp-card__title gb-text-c7dbc4be\">Radiology<\/h3>\n<\/a>\n\n\n\n<a class=\"gb-element-9c2afd26\" href=\"\/pediatric-surgery\/\">\n<img loading=\"lazy\" decoding=\"async\" width=\"300\" height=\"300\" class=\"gb-media-6ff47411\" alt=\"\" src=\"https:\/\/vera.tahakaracam.com\/wp-content\/uploads\/2026\/01\/cocuk-cerrahisi-avicenna-hastanesi.webp\" title=\"cocuk-cerrahisi-avicenna-hastanesi\" srcset=\"https:\/\/vera.tahakaracam.com\/wp-content\/uploads\/2026\/01\/cocuk-cerrahisi-avicenna-hastanesi.webp 300w, https:\/\/vera.tahakaracam.com\/wp-content\/uploads\/2026\/01\/cocuk-cerrahisi-avicenna-hastanesi-150x150.webp 150w\" sizes=\"auto, (max-width: 300px) 100vw, 300px\">\n\n\n\n<p class=\"gb-text gbp-card__meta-text\"><\/p>\n\n\n\n<h3 class=\"gb-text gbp-card__title gb-text-8395f93f\">Pediatric Surgery<\/h3>\n<\/a>\n<\/div>\n<\/div>\n<\/div>\n\n\n\n<div class=\"gb-element-6412b49e\">\n<p class=\"gb-text gb-text-6892a313\"><strong>Trusted Healthcare Partners<\/strong><\/p>\n\n\n\n<h2 class=\"wp-block-heading has-text-align-left\">Partner Clinics and Internationally Accredited Hospitals<\/h2>\n\n\n\n<div class=\"gb-element-e3520db3\">\n<div class=\"gb-element-1f41fb99\">\n<img decoding=\"async\" class=\"gb-media-429f6037\" alt=\"\" src=\"https:\/\/vera.tahakaracam.com\/wp-content\/uploads\/2025\/09\/contracted-1.webp\" title=\"contracted-1\">\n<\/div>\n\n\n\n<div class=\"gb-element-315c6dee\">\n<img decoding=\"async\" class=\"gb-media-9262d3b3\" alt=\"\" src=\"https:\/\/vera.tahakaracam.com\/wp-content\/uploads\/2025\/09\/contracted-2.webp\" title=\"contracted-2\">\n<\/div>\n\n\n\n<div class=\"gb-element-70112dd4\">\n<img decoding=\"async\" class=\"gb-media-be08eb9d\" alt=\"\" src=\"https:\/\/vera.tahakaracam.com\/wp-content\/uploads\/2025\/09\/contracted-3.webp\" title=\"contracted-3\">\n<\/div>\n\n\n\n<div class=\"gb-element-bd356358\">\n<img decoding=\"async\" class=\"gb-media-d18d15d1\" alt=\"\" src=\"https:\/\/vera.tahakaracam.com\/wp-content\/uploads\/2025\/09\/contracted-4.webp\" title=\"contracted-4\">\n<\/div>\n\n\n\n<div class=\"gb-element-8e840651\">\n<img decoding=\"async\" class=\"gb-media-a8487405\" alt=\"\" src=\"https:\/\/vera.tahakaracam.com\/wp-content\/uploads\/2025\/09\/contracted-5.webp\" title=\"contracted-5\">\n<\/div>\n\n\n\n<div class=\"gb-element-842d445b\">\n<img decoding=\"async\" class=\"gb-media-7b0f55b3\" alt=\"\" src=\"https:\/\/vera.tahakaracam.com\/wp-content\/uploads\/2025\/09\/contracted-6.webp\" title=\"contracted-6\">\n<\/div>\n<\/div>\n<\/div>\n\n\n\n<div class=\"gbp-section gb-element-b0f748eb\" id=\"free-cons\">\n<div class=\"gbp-section gb-element-da88bd12\">\n<div class=\"gb-element-0ed2c2ee\">\n<div class=\"gb-element-3d401917\">\n<h3 class=\"gb-text gb-text-81972dd5\"><strong>We\u2019re Here for You<\/strong><\/h3>\n\n\n\n<p class=\"gb-text gb-text-76b4d4ef\"><strong><a href=\"tel:+902124403232\" data-type=\"tel\" data-id=\"tel:+902129639636\">+902124403232<\/a><\/strong><\/p>\n\n\n\n<h3 class=\"wp-block-heading has-text-align-left has-base-2-color has-text-color has-link-color wp-elements-c17f202881a168299f7e76ba56b71f34\">Address<\/h3>\n\n\n\n<p class=\"gb-text gb-text-4a989dc2\">Menderes Mah. At\u0131\u015falan\u0131 Cd, 307. Sk. No:2<\/p>\n\n\n\n<div class=\"wp-block-buttons is-layout-flex wp-block-buttons-is-layout-flex\">\n<div class=\"wp-block-button\"><a class=\"wp-block-button__link wp-element-button\" href=\"https:\/\/share.google\/3RTSWcT28wRbwxooF\" style=\"border-radius:0px\" target=\"_blank\" rel=\"noopener\">Get Directions<\/a><\/div>\n<\/div>\n<\/div>\n\n\n\n<div><style>.cfcf7-block .wpcf7-text, .cfcf7-block .wpcf7-textarea, .cfcf7-block input[type='number'], .cfcf7-block .wpcf7-select, .cfcf7-block .wpcf7-date { background-color: #f4f4f4; border-radius: 0.5em;  line-height:1.4em!important; } .cfcf7-block .wpcf7-text, .cfcf7-block .wpcf7-textarea, .cfcf7-block input[type='number'], .cfcf7-block .wpcf7-select, .cfcf7-block .wpcf7-date { border: none; } .cfcf7-block .wpcf7-text:focus, .cfcf7-block .wpcf7-textarea:focus, .cfcf7-block input[type='number']:focus, .cfcf7-block .wpcf7-select:focus, .cfcf7-block .wpcf7-date:focus { outline-width: 1px; } .cfcf7-block .wpcf7-text:focus, .cfcf7-block .wpcf7-textarea:focus, .cfcf7-block input[type='number']:focus, .cfcf7-block .wpcf7-select:focus, .cfcf7-block .wpcf7-date:focus { outline-offset: 1px; } .cfcf7-block .wpcf7-text:focus, .cfcf7-block .wpcf7-textarea:focus, .cfcf7-block input[type='number']:focus, .cfcf7-block .wpcf7-select:focus, .cfcf7-block .wpcf7-date:focus { outline-color: #403B40; } .cfcf7-block .wpcf7-text, .cfcf7-block .wpcf7-textarea, .cfcf7-block input[type='number'], .cfcf7-block .wpcf7-select, .cfcf7-block .wpcf7-date{ box-shadow: 0em 0.1em 1em -0.9em #403b40 inset;} .wpcf7 label{ font-size:1.1em!important;}  .wpcf7 label{ font-weight:400!important;}  .wpcf7 label{ line-height:2em!important;}   .wpcf7 label, .wpcf7 form p a, .wpcf7 form p{ color: #8C8E98!important; } .wpcf7 label{ line-height: 2em;} .cfcf7-block .wpcf7-text, .cfcf7-block .wpcf7-textarea, .cfcf7-block input[type='number'], .cfcf7-block .wpcf7-select, .cfcf7-block .wpcf7-date{font-size:0.9em!important;}  .cfcf7-block .wpcf7-text, .cfcf7-block .wpcf7-textarea, .cfcf7-block input[type='number'], .cfcf7-block .wpcf7-select, .cfcf7-block .wpcf7-date{ color: #545054;} .wpcf7 ::placeholder{ color: var(--accent)} .cfcf7-block .wpcf7-text, .cfcf7-block .wpcf7-textarea, .cfcf7-block input[type='number'], .cfcf7-block .wpcf7-select, .cfcf7-block .wpcf7-date{ padding: 0.6em 0.6em; } .wpcf7-submit, .wpcf7-submit-wrapper{ background: var(--accent-2)!important; line-height:1.5em!important;} .cfcf7-block .wpcf7-submit{font-size:1em!important; }  .cfcf7-block .wpcf7-submit{ text-transform: capitalize!important; } .cfcf7-block .wpcf7-submit{ font-weight:400!important;}  .cfcf7-block .wpcf7-submit{color: white!important;}  .cfcf7-block .wpcf7-submit{padding-top:0.9em!important; padding-bottom:0.9em!important; }  .cfcf7-block .wpcf7-submit{padding-left:4em; padding-right:4em ; }  .cfcf7-block\r\n .wpcf7-submit{ width: 100%; } .cfcf7-block .wpcf7-submit{ border-radius: 0.5em!important;} .cfcf7-block .wpcf7-submit{ border: none;} .cfcf7-block .wpcf7-submit{box-shadow:0em 0.3em 1em -0.6em grey;} .cfcf7-block .wpcf7-submit:hover{box-shadow:none!important;} \r\n        @media only screen and (min-width: 361px) and (max-width: 780px) {\r\n            .cfcf7-block\r\n            { \r\n                font-size: 16px!important; \r\n                margin-top: 0em!important; \r\n                margin-left: 0em!important; \r\n                margin-right: 0em!important; \r\n                margin-bottom: 0em!important;\r\n                padding-top: 1.6em!important; \r\n                padding-left: 2.2em!important; \r\n                padding-right: 2.2em!important; \r\n                padding-bottom: 1.6em!important; \r\n            } \r\n            .cfcf7-block .wpcf7-submit{ width: 100%!important; \r\n        }} \r\n@media only screen and (max-width: 360px) {\r\n    .cfcf7-block\r\n{ \r\n                font-size: 16px!important; \r\n                margin-top: 1em!important; \r\n                margin-left: -0.5em!important; \r\n                margin-right: -0.5em!important; \r\n                margin-bottom: 1em!important;\r\n                padding-top: 2em!important; \r\n                padding-left: 1.5em!important; \r\n                padding-right: 1.5em!important; \r\n                padding-bottom: 2em!important; \r\n            } \r\n            .cfcf7-block .wpcf7-submit{ width: 100%!important; \r\n        }}<\/style><div class=\"cfcf7-block-container\"><div style=\"background-color:#fff; line-height: 1.4em!important; font-size:16px;  padding-top:2em; padding-left:3em; padding-right:3em; padding-bottom:2em; margin-top:0em; margin-left:0em; margin-right:0em; margin-bottom:0em; border-radius: 2em; box-shadow:0em 0.5em 5em -3em black; border-color:black; \" class=\"cfcf7-block wp-block-mofistudio-customizer-block-cf7\">\n<div class=\"wpcf7 no-js\" id=\"wpcf7-f11007-o1\" lang=\"en-US\" dir=\"ltr\" data-wpcf7-id=\"11007\">\n<div class=\"screen-reader-response\"><p role=\"status\" aria-live=\"polite\" aria-atomic=\"true\"><\/p> <ul><\/ul><\/div>\n<form action=\"\/en\/wp-json\/wp\/v2\/pages\/814#wpcf7-f11007-o1\" method=\"post\" class=\"wpcf7-form init\" aria-label=\"Contact form\" novalidate=\"novalidate\" data-status=\"init\">\n<fieldset class=\"hidden-fields-container\"><input type=\"hidden\" name=\"_wpcf7\" value=\"11007\" \/><input type=\"hidden\" name=\"_wpcf7_version\" value=\"6.1.5\" \/><input type=\"hidden\" name=\"_wpcf7_locale\" value=\"en_US\" \/><input type=\"hidden\" name=\"_wpcf7_unit_tag\" value=\"wpcf7-f11007-o1\" \/><input type=\"hidden\" name=\"_wpcf7_container_post\" value=\"0\" \/><input type=\"hidden\" name=\"_wpcf7_posted_data_hash\" value=\"\" \/>\n<\/fieldset>\n<h3 class=\"deneme\">Free Consultation\n<\/h3>\n<div class=\"cf-container\">\n\t<div class=\"cf-col-12\">\n\t\t<p><label><span class=\"wpcf7-form-control-wrap\" data-name=\"your-name\"><input size=\"40\" maxlength=\"400\" class=\"wpcf7-form-control wpcf7-text wpcf7-validates-as-required\" autocomplete=\"name\" aria-required=\"true\" aria-invalid=\"false\" placeholder=\"Name\" value=\"\" type=\"text\" name=\"your-name\" \/><\/span><\/label>\n\t\t<\/p>\n\t<\/div>\n\t<div class=\"cf-col-6\">\n\t\t<p><label><span class=\"wpcf7-form-control-wrap\" data-name=\"phonetext-784\"><input size=\"40\" class=\"wpcf7-form-control wpcf7-phonetext wpcf7-text wpcf7-validates-as-phonetext\" aria-invalid=\"false\" value=\"\" type=\"text\" name=\"phonetext-784\" \/><input type=\"hidden\" name=\"phonetext-784-country-code\" class=\"wpcf7-phonetext-country-code\" \/><\/span><\/label>\n\t\t<\/p>\n\t<\/div>\n\t<div class=\"cf-col-6\">\n\t\t<p><label><span class=\"wpcf7-form-control-wrap\" data-name=\"your-email\"><input size=\"40\" maxlength=\"400\" class=\"wpcf7-form-control wpcf7-email wpcf7-validates-as-required wpcf7-text wpcf7-validates-as-email\" autocomplete=\"email\" aria-required=\"true\" aria-invalid=\"false\" placeholder=\"Email\" value=\"\" type=\"email\" name=\"your-email\" \/><\/span><\/label>\n\t\t<\/p>\n\t<\/div>\n\t<div class=\"cf-col-12\">\n\t\t<p><label><span class=\"wpcf7-form-control-wrap\" data-name=\"your-message\"><textarea cols=\"40\" rows=\"10\" maxlength=\"2000\" class=\"wpcf7-form-control wpcf7-textarea\" aria-invalid=\"false\" placeholder=\"Your Message\" name=\"your-message\"><\/textarea><\/span><\/label>\n\t\t<\/p>\n\t<\/div>\n<\/div>\n<p><input class=\"wpcf7-form-control wpcf7-submit has-spinner\" type=\"submit\" value=\"Send\" \/>\n<\/p><div class=\"wpcf7-response-output\" aria-hidden=\"true\"><\/div>\n<\/form>\n<\/div>\n<\/div><\/div><\/div>\n<\/div>\n<\/div>\n<\/div>\n\n\n\n<div class=\"gb-element-beedefdb\">\n<p class=\"gb-text gb-text-853997ce\"><strong>HEALTH GUIDE<\/strong><\/p>\n\n\n\n<h2 class=\"wp-block-heading has-text-align-left\">Access accurate and reliable information to protect yourself and your loved ones with practical tips and expert insights that help make your daily life healthier.<\/h2>\n\n\n\n<div class=\"gbp-section\">\n<div class=\"gbp-section__inner gb-element-f2e884f2\">\n<div><\/div>\n<\/div>\n<\/div>\n<\/div>\n","protected":false},"excerpt":{"rendered":"<p>AV\u0130CENNA Attentive Care Advanced Healthcare with Compassion and Precision Get Consutation Avicenna At Avicenna Hospital, we combine medical expertise, advanced technology, and patient-centered care to deliver safe and effective treatments across multiple specialties. SERVICES Where Expertise Meets Reliability Free Consultation 24\/7 Translator VIP Transfer Personal Assistant Accommodation MEDICAL UNITS We provide comprehensive healthcare services tailored &#8230; <a title=\"\" class=\"read-more\" href=\"https:\/\/vera.tahakaracam.com\/en\/\" aria-label=\"Read more about \">Read more<\/a><\/p>\n","protected":false},"author":1,"featured_media":0,"parent":0,"menu_order":0,"comment_status":"closed","ping_status":"closed","template":"","meta":{"_acf_changed":false,"_jet_sm_ready_style":"","_jet_sm_style":"","_jet_sm_controls_values":"","_jet_sm_fonts_collection":"","_jet_sm_fonts_links":"","iawp_total_views":19,"footnotes":""},"class_list":{"0":"post-814","1":"page","2":"type-page","3":"status-publish","5":"infinite-scroll-item"},"acf":[],"_links":{"self":[{"href":"https:\/\/vera.tahakaracam.com\/en\/wp-json\/wp\/v2\/pages\/814","targetHints":{"allow":["GET"]}}],"collection":[{"href":"https:\/\/vera.tahakaracam.com\/en\/wp-json\/wp\/v2\/pages"}],"about":[{"href":"https:\/\/vera.tahakaracam.com\/en\/wp-json\/wp\/v2\/types\/page"}],"author":[{"embeddable":true,"href":"https:\/\/vera.tahakaracam.com\/en\/wp-json\/wp\/v2\/users\/1"}],"replies":[{"embeddable":true,"href":"https:\/\/vera.tahakaracam.com\/en\/wp-json\/wp\/v2\/comments?post=814"}],"version-history":[{"count":0,"href":"https:\/\/vera.tahakaracam.com\/en\/wp-json\/wp\/v2\/pages\/814\/revisions"}],"wp:attachment":[{"href":"https:\/\/vera.tahakaracam.com\/en\/wp-json\/wp\/v2\/media?parent=814"}],"curies":[{"name":"wp","href":"https:\/\/api.w.org\/{rel}","templated":true}]}}